{"id":37,"date":"2024-08-29T11:38:04","date_gmt":"2024-08-29T09:38:04","guid":{"rendered":"https:\/\/karpinski-bau.de\/?page_id=37"},"modified":"2025-08-21T20:47:59","modified_gmt":"2025-08-21T18:47:59","slug":"nasze-realizacje","status":"publish","type":"page","link":"https:\/\/karpinski-bau.de\/pl\/nasze-realizacje\/","title":{"rendered":"Nasze realizacje"},"content":{"rendered":"<div data-elementor-type=\"wp-page\" data-elementor-id=\"37\" class=\"elementor elementor-37\" data-elementor-post-type=\"page\">\n\t\t\t\t\t\t<section class=\"elementor-section elementor-top-section elementor-element elementor-element-7427aea7 elementor-section-height-min-height elementor-section-boxed elementor-section-height-default elementor-section-items-middle\" data-id=\"7427aea7\" data-element_type=\"section\" data-e-type=\"section\" data-settings=\"{&quot;background_background&quot;:&quot;classic&quot;}\">\n\t\t\t\t\t\t\t<div class=\"elementor-background-overlay\"><\/div>\n\t\t\t\t\t\t\t<div class=\"elementor-container elementor-column-gap-default\">\n\t\t\t\t\t<div class=\"elementor-column elementor-col-50 elementor-top-column elementor-element elementor-element-31d1fd9\" data-id=\"31d1fd9\" data-element_type=\"column\" data-e-type=\"column\">\n\t\t\t<div class=\"elementor-widget-wrap elementor-element-populated\">\n\t\t\t\t\t\t<div class=\"elementor-element elementor-element-57698508 elementor-widget elementor-widget-heading\" data-id=\"57698508\" data-element_type=\"widget\" data-e-type=\"widget\" data-widget_type=\"heading.default\">\n\t\t\t\t\t<h2 class=\"elementor-heading-title elementor-size-default\">Nasze projekty<\/h2>\t\t\t\t<\/div>\n\t\t\t\t<div class=\"elementor-element elementor-element-14ef8e23 elementor-widget-divider--view-line elementor-widget elementor-widget-divider\" data-id=\"14ef8e23\" data-element_type=\"widget\" data-e-type=\"widget\" data-widget_type=\"divider.default\">\n\t\t\t\t\t\t\t<div class=\"elementor-divider\">\n\t\t\t<span class=\"elementor-divider-separator\">\n\t\t\t\t\t\t<\/span>\n\t\t<\/div>\n\t\t\t\t\t\t<\/div>\n\t\t\t\t<div class=\"elementor-element elementor-element-653a696d elementor-widget elementor-widget-heading\" data-id=\"653a696d\" data-element_type=\"widget\" data-e-type=\"widget\" data-widget_type=\"heading.default\">\n\t\t\t\t\t<p class=\"elementor-heading-title elementor-size-default\">Ka\u017cdy projekt jest dla nas nowym wyzwaniem, do kt\u00f3rego podchodzimy z pe\u0142nym profesjonalizmem i dba\u0142o\u015bci\u0105 o szczeg\u00f3\u0142y.<\/p>\t\t\t\t<\/div>\n\t\t\t\t\t<\/div>\n\t\t<\/div>\n\t\t\t\t<div class=\"elementor-column elementor-col-50 elementor-top-column elementor-element elementor-element-17b7690d\" data-id=\"17b7690d\" data-element_type=\"column\" data-e-type=\"column\">\n\t\t\t<div class=\"elementor-widget-wrap\">\n\t\t\t\t\t\t\t<\/div>\n\t\t<\/div>\n\t\t\t\t\t<\/div>\n\t\t<\/section>\n\t\t\t\t<section class=\"elementor-section elementor-top-section elementor-element elementor-element-119a4897 elementor-section-content-middle elementor-section-boxed elementor-section-height-default elementor-section-height-default\" data-id=\"119a4897\" data-element_type=\"section\" data-e-type=\"section\" data-settings=\"{&quot;background_background&quot;:&quot;classic&quot;}\">\n\t\t\t\t\t\t<div class=\"elementor-container elementor-column-gap-default\">\n\t\t\t\t\t<div class=\"elementor-column elementor-col-100 elementor-top-column elementor-element elementor-element-1b47cb7b\" data-id=\"1b47cb7b\" data-element_type=\"column\" data-e-type=\"column\">\n\t\t\t<div class=\"elementor-widget-wrap elementor-element-populated\">\n\t\t\t\t\t\t<div class=\"elementor-element elementor-element-34e2ed6f elementor-widget-divider--view-line_text elementor-widget-divider--element-align-left elementor-invisible elementor-widget elementor-widget-divider\" data-id=\"34e2ed6f\" data-element_type=\"widget\" data-e-type=\"widget\" data-settings=\"{&quot;_animation&quot;:&quot;fadeInLeft&quot;}\" data-widget_type=\"divider.default\">\n\t\t\t\t\t\t\t<div class=\"elementor-divider\">\n\t\t\t<span class=\"elementor-divider-separator\">\n\t\t\t\t\t\t\t<span class=\"elementor-divider__text elementor-divider__element\">\n\t\t\t\tPORTFOLIO\t\t\t\t<\/span>\n\t\t\t\t\t\t<\/span>\n\t\t<\/div>\n\t\t\t\t\t\t<\/div>\n\t\t\t\t<div class=\"elementor-element elementor-element-31a00cc1 elementor-widget elementor-widget-heading\" data-id=\"31a00cc1\" data-element_type=\"widget\" data-e-type=\"widget\" data-widget_type=\"heading.default\">\n\t\t\t\t\t<h2 class=\"elementor-heading-title elementor-size-default\">PROJEKTY OD KARPINSKI BAU<\/h2>\t\t\t\t<\/div>\n\t\t\t\t<div class=\"elementor-element elementor-element-42bf43c9 elementor-widget elementor-widget-heading\" data-id=\"42bf43c9\" data-element_type=\"widget\" data-e-type=\"widget\" data-widget_type=\"heading.default\">\n\t\t\t\t\t<p class=\"elementor-heading-title elementor-size-default\">W Karpinski Bau z dum\u0105 prezentujemy nasze dotychczasowe realizacje, kt\u00f3re s\u0105 dowodem naszej pasji i zaanga\u017cowania. Ka\u017cdy projekt jest dla nas nowym wyzwaniem, do kt\u00f3rego podchodzimy z pe\u0142nym profesjonalizmem i dba\u0142o\u015bci\u0105 o szczeg\u00f3\u0142y. Zapraszamy do zapoznania si\u0119 z naszym portfolio, w kt\u00f3rym znajdziesz przyk\u0142ady naszych realizacji - od budowy dom\u00f3w jednorodzinnych po kompleksowe remonty. Niech nasze dotychczasowe realizacje b\u0119d\u0105 dla Ciebie inspiracj\u0105 i potwierdzeniem naszej jako\u015bci.<\/p>\t\t\t\t<\/div>\n\t\t\t\t\t<\/div>\n\t\t<\/div>\n\t\t\t\t\t<\/div>\n\t\t<\/section>\n\t\t\t\t<\/div>","protected":false},"excerpt":{"rendered":"<p>Unsere Projekte Jedes Projekt ist f\u00fcr uns eine neue Herausforderung, die wir mit voller Professionalit\u00e4t und Liebe zum Detail angehen. PORTFOLIO PROJEKTE VON KARPINSKI BAU Bei Karpinski Bau pr\u00e4sentieren wir stolz unsere bisherigen Projekte, die ein Beweis f\u00fcr unsere Leidenschaft und unser Engagement sind. Jedes Projekt ist f\u00fcr uns eine neue Herausforderung, die wir mit [&hellip;]<\/p>","protected":false},"author":1,"featured_media":0,"parent":0,"menu_order":0,"comment_status":"closed","ping_status":"closed","template":"","meta":{"footnotes":""},"class_list":["post-37","page","type-page","status-publish","hentry"],"_links":{"self":[{"href":"https:\/\/karpinski-bau.de\/pl\/wp-json\/wp\/v2\/pages\/37","targetHints":{"allow":["GET"]}}],"collection":[{"href":"https:\/\/karpinski-bau.de\/pl\/wp-json\/wp\/v2\/pages"}],"about":[{"href":"https:\/\/karpinski-bau.de\/pl\/wp-json\/wp\/v2\/types\/page"}],"author":[{"embeddable":true,"href":"https:\/\/karpinski-bau.de\/pl\/wp-json\/wp\/v2\/users\/1"}],"replies":[{"embeddable":true,"href":"https:\/\/karpinski-bau.de\/pl\/wp-json\/wp\/v2\/comments?post=37"}],"version-history":[{"count":25,"href":"https:\/\/karpinski-bau.de\/pl\/wp-json\/wp\/v2\/pages\/37\/revisions"}],"predecessor-version":[{"id":299,"href":"https:\/\/karpinski-bau.de\/pl\/wp-json\/wp\/v2\/pages\/37\/revisions\/299"}],"wp:attachment":[{"href":"https:\/\/karpinski-bau.de\/pl\/wp-json\/wp\/v2\/media?parent=37"}],"curies":[{"name":"wp","href":"https:\/\/api.w.org\/{rel}","templated":true}]}}